{"id":355,"date":"2025-12-27T16:29:50","date_gmt":"2025-12-27T13:29:50","guid":{"rendered":"https:\/\/drycore.us\/product\/dc-260dh-sistema-de-secado-en-linea-de-transformadores\/"},"modified":"2026-01-19T16:41:45","modified_gmt":"2026-01-19T13:41:45","slug":"dc-260dh-sistema-de-secado-en-linea-de-transformadores","status":"publish","type":"product","link":"https:\/\/drycore.us\/es\/product\/dc-260dh-sistema-de-secado-en-linea-de-transformadores\/","title":{"rendered":"DC-260DH Sistema de secado en l\u00ednea de transformadores"},"content":{"rendered":"<p style=\"text-align: justify;\">El sistema <strong>DC-260DH<\/strong> est\u00e1 dise\u00f1ado para el secado en l\u00ednea del aislamiento del transformador (aceite aislante y aislamiento de celulosa). La tecnolog\u00eda<strong> DRYCORE<\/strong> consiste en conectar el sistema<strong> DC-260DH<\/strong> al transformador y mantenerlo conectado de forma permanente durante todo el proceso de secado. El principio de funcionamiento del sistema de secado en l\u00ednea de transformadores<strong> DRYCORE<\/strong> se basa en la circulaci\u00f3n del aceite en un circuito cerrado: primero, el aceite sale del transformador, \u0437\u0430\u0442\u0435\u043c pasa a trav\u00e9s de tres cartuchos llenos de sorbente, donde el sorbente elimina la humedad contenida en el aceite, y posteriormente el aceite seco regresa de nuevo al transformador.<\/p>\n","protected":false},"excerpt":{"rendered":"<p style=\"text-align: justify;\">El sistema <strong>DC-260DH<\/strong> est\u00e1 dise\u00f1ado para el secado en l\u00ednea del aislamiento del transformador (aceite aislante y aislamiento de celulosa).<\/p>\n","protected":false},"featured_media":343,"template":"","meta":{"_acf_changed":false,"_bbp_topic_count":0,"_bbp_reply_count":0,"_bbp_total_topic_count":0,"_bbp_total_reply_count":0,"_bbp_voice_count":0,"_bbp_anonymous_reply_count":0,"_bbp_topic_count_hidden":0,"_bbp_reply_count_hidden":0,"_bbp_forum_subforum_count":0},"product_brand":[],"product_cat":[38],"product_tag":[],"class_list":{"0":"post-355","1":"product","2":"type-product","3":"status-publish","4":"has-post-thumbnail","6":"product_cat-secado-continuo-de-transformadores","8":"first","9":"instock","10":"shipping-taxable","11":"product-type-simple"},"acf":[],"_links":{"self":[{"href":"https:\/\/drycore.us\/es\/wp-json\/wp\/v2\/product\/355","targetHints":{"allow":["GET"]}}],"collection":[{"href":"https:\/\/drycore.us\/es\/wp-json\/wp\/v2\/product"}],"about":[{"href":"https:\/\/drycore.us\/es\/wp-json\/wp\/v2\/types\/product"}],"wp:featuredmedia":[{"embeddable":true,"href":"https:\/\/drycore.us\/es\/wp-json\/wp\/v2\/media\/343"}],"wp:attachment":[{"href":"https:\/\/drycore.us\/es\/wp-json\/wp\/v2\/media?parent=355"}],"wp:term":[{"taxonomy":"product_brand","embeddable":true,"href":"https:\/\/drycore.us\/es\/wp-json\/wp\/v2\/product_brand?post=355"},{"taxonomy":"product_cat","embeddable":true,"href":"https:\/\/drycore.us\/es\/wp-json\/wp\/v2\/product_cat?post=355"},{"taxonomy":"product_tag","embeddable":true,"href":"https:\/\/drycore.us\/es\/wp-json\/wp\/v2\/product_tag?post=355"}],"curies":[{"name":"wp","href":"https:\/\/api.w.org\/{rel}","templated":true}]}}