{"id":353,"date":"2025-12-27T17:06:27","date_gmt":"2025-12-27T14:06:27","guid":{"rendered":"https:\/\/drycore.us\/product\/sistema-en-linea-de-monitoreo-de-transformadores-dc-5m\/"},"modified":"2026-01-19T16:40:44","modified_gmt":"2026-01-19T13:40:44","slug":"sistema-en-linea-de-monitoreo-de-transformadores-dc-5m","status":"publish","type":"product","link":"https:\/\/drycore.us\/es\/product\/sistema-en-linea-de-monitoreo-de-transformadores-dc-5m\/","title":{"rendered":"DC-5M Sistema en l\u00ednea de monitoreo de transformadores"},"content":{"rendered":"<p style=\"text-align: justify;\">El sistema<strong> DC-5M<\/strong> est\u00e1 dise\u00f1ado para el monitoreo en l\u00ednea de transformadores mediante la evaluaci\u00f3n del estado del aceite aislante, incluidos transformadores de uso especial: de tracci\u00f3n, mineros, de hornos el\u00e9ctricos, marinos, transformadores elevadores para aerogeneradores, etc. El sistema<strong> DC-5M<\/strong>, al igual que los sistemas <strong>DC-260D<\/strong> y <strong>DC-260DH<\/strong>, puede operar en modo de secado del transformador y en modo de monitoreo del aislamiento del transformador. El sistema se conecta al transformador y permanece instalado de forma permanente en sus proximidades. Al conectar el sistema, se forma un circuito cerrado de circulaci\u00f3n: el aceite sale de la parte inferior del tanque del transformador, pasa por los sensores del sistema <strong>DC-5M <\/strong>y regresa a la parte superior del transformador. Los sensores miden los par\u00e1metros del aceite del transformador una vez por minuto y los transmiten a un servidor en la nube, donde se calculan otros par\u00e1metros mediante la t\u00e9cnica<strong><em> DRYCORE<\/em><\/strong> para garantizar una evaluaci\u00f3n m\u00e1s completa del estado del transformador.<\/p>\n","protected":false},"excerpt":{"rendered":"<p style=\"text-align: justify;\">El sistema <strong>DC-5M <\/strong>est\u00e1 dise\u00f1ado para el monitoreo en l\u00ednea de transformadores mediante la evaluaci\u00f3n del estado del aceite aislante.<\/p>\n","protected":false},"featured_media":347,"template":"","meta":{"_acf_changed":false,"_bbp_topic_count":0,"_bbp_reply_count":0,"_bbp_total_topic_count":0,"_bbp_total_reply_count":0,"_bbp_voice_count":0,"_bbp_anonymous_reply_count":0,"_bbp_topic_count_hidden":0,"_bbp_reply_count_hidden":0,"_bbp_forum_subforum_count":0},"product_brand":[],"product_cat":[39],"product_tag":[],"class_list":{"0":"post-353","1":"product","2":"type-product","3":"status-publish","4":"has-post-thumbnail","6":"product_cat-monitoreo-en-linea-de-transformadores","8":"first","9":"instock","10":"shipping-taxable","11":"product-type-simple"},"acf":[],"_links":{"self":[{"href":"https:\/\/drycore.us\/es\/wp-json\/wp\/v2\/product\/353","targetHints":{"allow":["GET"]}}],"collection":[{"href":"https:\/\/drycore.us\/es\/wp-json\/wp\/v2\/product"}],"about":[{"href":"https:\/\/drycore.us\/es\/wp-json\/wp\/v2\/types\/product"}],"wp:featuredmedia":[{"embeddable":true,"href":"https:\/\/drycore.us\/es\/wp-json\/wp\/v2\/media\/347"}],"wp:attachment":[{"href":"https:\/\/drycore.us\/es\/wp-json\/wp\/v2\/media?parent=353"}],"wp:term":[{"taxonomy":"product_brand","embeddable":true,"href":"https:\/\/drycore.us\/es\/wp-json\/wp\/v2\/product_brand?post=353"},{"taxonomy":"product_cat","embeddable":true,"href":"https:\/\/drycore.us\/es\/wp-json\/wp\/v2\/product_cat?post=353"},{"taxonomy":"product_tag","embeddable":true,"href":"https:\/\/drycore.us\/es\/wp-json\/wp\/v2\/product_tag?post=353"}],"curies":[{"name":"wp","href":"https:\/\/api.w.org\/{rel}","templated":true}]}}