{"id":338,"date":"2025-12-25T15:33:58","date_gmt":"2025-12-25T12:33:58","guid":{"rendered":"https:\/\/drycore.us\/product\/sistema-de-secado-de-transformadores-en-linea-dc-260d\/"},"modified":"2026-01-19T16:42:58","modified_gmt":"2026-01-19T13:42:58","slug":"sistema-de-secado-de-transformadores-en-linea-dc-260d","status":"publish","type":"product","link":"https:\/\/drycore.us\/es\/product\/sistema-de-secado-de-transformadores-en-linea-dc-260d\/","title":{"rendered":"Sistema de Secado de Transformadores en L\u00ednea DC-260D"},"content":{"rendered":"<p style=\"text-align: justify;\" data-start=\"0\" data-end=\"117\">El sistema <strong>DC-260D<\/strong> est\u00e1 dise\u00f1ado para el secado en l\u00ednea del aislamiento del transformador (aceite aislante y aislamiento de celulosa). La tecnolog\u00eda<strong> DRYCORE<\/strong> consiste en conectar el sistema <strong>DC-260D<\/strong> al transformador y mantenerlo permanentemente conectado durante todo el proceso de secado. El principio de funcionamiento del sistema de secado en l\u00ednea de transformadores <strong>DRYCORE<\/strong> se basa en la circulaci\u00f3n del aceite en un circuito cerrado: primero, el aceite sale del transformador, luego pasa a trav\u00e9s de tres cartuchos llenos de sorbente, donde este elimina la humedad contenida en el aceite, y posteriormente el aceite seco regresa al transformador.<\/p>\n","protected":false},"excerpt":{"rendered":"<p style=\"text-align: justify;\">El sistema <strong>DC-260D<\/strong> est\u00e1 dise\u00f1ado para el secado en l\u00ednea del aislamiento del transformador (aceite aislante y aislamiento de celulosa).<\/p>\n","protected":false},"featured_media":331,"template":"","meta":{"_acf_changed":false,"_bbp_topic_count":0,"_bbp_reply_count":0,"_bbp_total_topic_count":0,"_bbp_total_reply_count":0,"_bbp_voice_count":0,"_bbp_anonymous_reply_count":0,"_bbp_topic_count_hidden":0,"_bbp_reply_count_hidden":0,"_bbp_forum_subforum_count":0},"product_brand":[],"product_cat":[38],"product_tag":[],"class_list":{"0":"post-338","1":"product","2":"type-product","3":"status-publish","4":"has-post-thumbnail","6":"product_cat-secado-continuo-de-transformadores","8":"first","9":"instock","10":"shipping-taxable","11":"product-type-simple"},"acf":[],"_links":{"self":[{"href":"https:\/\/drycore.us\/es\/wp-json\/wp\/v2\/product\/338","targetHints":{"allow":["GET"]}}],"collection":[{"href":"https:\/\/drycore.us\/es\/wp-json\/wp\/v2\/product"}],"about":[{"href":"https:\/\/drycore.us\/es\/wp-json\/wp\/v2\/types\/product"}],"wp:featuredmedia":[{"embeddable":true,"href":"https:\/\/drycore.us\/es\/wp-json\/wp\/v2\/media\/331"}],"wp:attachment":[{"href":"https:\/\/drycore.us\/es\/wp-json\/wp\/v2\/media?parent=338"}],"wp:term":[{"taxonomy":"product_brand","embeddable":true,"href":"https:\/\/drycore.us\/es\/wp-json\/wp\/v2\/product_brand?post=338"},{"taxonomy":"product_cat","embeddable":true,"href":"https:\/\/drycore.us\/es\/wp-json\/wp\/v2\/product_cat?post=338"},{"taxonomy":"product_tag","embeddable":true,"href":"https:\/\/drycore.us\/es\/wp-json\/wp\/v2\/product_tag?post=338"}],"curies":[{"name":"wp","href":"https:\/\/api.w.org\/{rel}","templated":true}]}}