{"id":269,"date":"2025-06-05T08:16:26","date_gmt":"2025-06-05T05:16:26","guid":{"rendered":"https:\/\/drycore.us\/?post_type=product&#038;p=269"},"modified":"2026-04-02T17:35:51","modified_gmt":"2026-04-02T14:35:51","slug":"dc-18d-transformer-oil-degassing-machine","status":"publish","type":"product","link":"https:\/\/drycore.us\/es\/product\/dc-18d-transformer-oil-degassing-machine\/","title":{"rendered":"DC-18D M\u00e1quina de desgasificaci\u00f3n de aceite de transformador"},"content":{"rendered":"<p style=\"text-align: justify;\">La <strong>m\u00e1quina DC-18D<\/strong> est\u00e1 dise\u00f1ada para m\u00faltiples aplicaciones relacionadas con los aceites aislantes y de enfriamiento utilizados en equipos el\u00e9ctricos de alta tensi\u00f3n, como transformadores, cambiadores de tomas bajo carga (OLTC), pasatapas de transformador y seccionadores de alta tensi\u00f3n.<\/p>\n<p style=\"text-align: justify;\">La unidad realiza funciones esenciales, que incluyen: calentamiento, bombeo y purificaci\u00f3n de aceites aislantes el\u00e9ctricos (este proceso elimina part\u00edculas s\u00f3lidas, gases disueltos y humedad del aceite) y evacuaci\u00f3n de los tanques de transformadores (la unidad extrae aire y gases de los tanques de transformadores durante el mantenimiento o la reparaci\u00f3n, cuando los gases pueden haber ingresado al sistema).<\/p>\n","protected":false},"excerpt":{"rendered":"<p>La m\u00e1quina DC-18D est\u00e1 dise\u00f1ada para m\u00faltiples aplicaciones relacionadas con los aceites aislantes y de enfriamiento utilizados en equipos el\u00e9ctricos de alta tensi\u00f3n, como transformadores, cambiadores de tomas bajo carga (OLTC), pasatapas de transformador y seccionadores de alta tensi\u00f3n. La unidad realiza funciones esenciales, que incluyen: calentamiento, bombeo y purificaci\u00f3n de aceites aislantes el\u00e9ctricos (este [&hellip;]<\/p>\n","protected":false},"featured_media":220,"template":"","meta":{"_acf_changed":false,"_bbp_topic_count":0,"_bbp_reply_count":0,"_bbp_total_topic_count":0,"_bbp_total_reply_count":0,"_bbp_voice_count":0,"_bbp_anonymous_reply_count":0,"_bbp_topic_count_hidden":0,"_bbp_reply_count_hidden":0,"_bbp_forum_subforum_count":0},"product_brand":[],"product_cat":[35],"product_tag":[],"class_list":{"0":"post-269","1":"product","2":"type-product","3":"status-publish","4":"has-post-thumbnail","6":"product_cat-transformer-oil-treatment-es","8":"first","9":"instock","10":"shipping-taxable","11":"product-type-simple"},"acf":[],"_links":{"self":[{"href":"https:\/\/drycore.us\/es\/wp-json\/wp\/v2\/product\/269","targetHints":{"allow":["GET"]}}],"collection":[{"href":"https:\/\/drycore.us\/es\/wp-json\/wp\/v2\/product"}],"about":[{"href":"https:\/\/drycore.us\/es\/wp-json\/wp\/v2\/types\/product"}],"wp:featuredmedia":[{"embeddable":true,"href":"https:\/\/drycore.us\/es\/wp-json\/wp\/v2\/media\/220"}],"wp:attachment":[{"href":"https:\/\/drycore.us\/es\/wp-json\/wp\/v2\/media?parent=269"}],"wp:term":[{"taxonomy":"product_brand","embeddable":true,"href":"https:\/\/drycore.us\/es\/wp-json\/wp\/v2\/product_brand?post=269"},{"taxonomy":"product_cat","embeddable":true,"href":"https:\/\/drycore.us\/es\/wp-json\/wp\/v2\/product_cat?post=269"},{"taxonomy":"product_tag","embeddable":true,"href":"https:\/\/drycore.us\/es\/wp-json\/wp\/v2\/product_tag?post=269"}],"curies":[{"name":"wp","href":"https:\/\/api.w.org\/{rel}","templated":true}]}}