{"id":266,"date":"2025-11-10T19:00:20","date_gmt":"2025-11-10T16:00:20","guid":{"rendered":"https:\/\/drycore.us\/?post_type=product&#038;p=266"},"modified":"2026-04-02T16:54:09","modified_gmt":"2026-04-02T13:54:09","slug":"dc-12r-transformer-oil-regeneration-machine","status":"publish","type":"product","link":"https:\/\/drycore.us\/es\/product\/dc-12r-transformer-oil-regeneration-machine\/","title":{"rendered":"DC-12R M\u00e1quina de regeneraci\u00f3n de aceite de transformador"},"content":{"rendered":"<p style=\"text-align: justify;\">La unidad <strong>DC-12R<\/strong> est\u00e1 dise\u00f1ada para la regeneraci\u00f3n de aceites de transformador y otros tipos de aceites aislantes el\u00e9ctricos. En este contexto, \u201cregeneraci\u00f3n\u201d se refiere a la restauraci\u00f3n de las propiedades operativas de los aceites usados hasta los par\u00e1metros y el estado de los aceites nuevos. El proceso de regeneraci\u00f3n se realiza haciendo pasar el aceite a trav\u00e9s de doce columnas, cada una de ellas llena de un sorbente especial que posee altas propiedades absorbentes. Este sorbente elimina todos los productos de envejecimiento del aceite, cambiando su color de marr\u00f3n oscuro a amarillo claro y reduciendo su n\u00famero de acidez.<\/p>\n","protected":false},"excerpt":{"rendered":"<p style=\"text-align: justify;\">La unidad <strong>DC-12R<\/strong> est\u00e1 dise\u00f1ada para la regeneraci\u00f3n de aceites de transformador y otros tipos de aceites aislantes el\u00e9ctricos. En este contexto, \u201cregeneraci\u00f3n\u201d se refiere a la restauraci\u00f3n de las propiedades operativas de los aceites usados hasta los par\u00e1metros y el estado de los aceites nuevos. El proceso de regeneraci\u00f3n se realiza haciendo pasar el aceite a trav\u00e9s de doce columnas, cada una de ellas llena de un sorbente especial que posee altas propiedades absorbentes. Este sorbente elimina todos los productos de envejecimiento del aceite, cambiando su color de marr\u00f3n oscuro a amarillo claro y reduciendo su n\u00famero de acidez.<\/p>\n","protected":false},"featured_media":222,"template":"","meta":{"_acf_changed":false,"_bbp_topic_count":0,"_bbp_reply_count":0,"_bbp_total_topic_count":0,"_bbp_total_reply_count":0,"_bbp_voice_count":0,"_bbp_anonymous_reply_count":0,"_bbp_topic_count_hidden":0,"_bbp_reply_count_hidden":0,"_bbp_forum_subforum_count":0},"product_brand":[],"product_cat":[36],"product_tag":[],"class_list":{"0":"post-266","1":"product","2":"type-product","3":"status-publish","4":"has-post-thumbnail","6":"product_cat-transformer-oil-regeneration-es","8":"first","9":"instock","10":"shipping-taxable","11":"product-type-simple"},"acf":[],"_links":{"self":[{"href":"https:\/\/drycore.us\/es\/wp-json\/wp\/v2\/product\/266","targetHints":{"allow":["GET"]}}],"collection":[{"href":"https:\/\/drycore.us\/es\/wp-json\/wp\/v2\/product"}],"about":[{"href":"https:\/\/drycore.us\/es\/wp-json\/wp\/v2\/types\/product"}],"wp:featuredmedia":[{"embeddable":true,"href":"https:\/\/drycore.us\/es\/wp-json\/wp\/v2\/media\/222"}],"wp:attachment":[{"href":"https:\/\/drycore.us\/es\/wp-json\/wp\/v2\/media?parent=266"}],"wp:term":[{"taxonomy":"product_brand","embeddable":true,"href":"https:\/\/drycore.us\/es\/wp-json\/wp\/v2\/product_brand?post=266"},{"taxonomy":"product_cat","embeddable":true,"href":"https:\/\/drycore.us\/es\/wp-json\/wp\/v2\/product_cat?post=266"},{"taxonomy":"product_tag","embeddable":true,"href":"https:\/\/drycore.us\/es\/wp-json\/wp\/v2\/product_tag?post=266"}],"curies":[{"name":"wp","href":"https:\/\/api.w.org\/{rel}","templated":true}]}}